{"id":56705,"date":"2020-03-27T12:09:35","date_gmt":"2020-03-27T12:09:35","guid":{"rendered":"https:\/\/columbretes.mediterraneagestion.es\/?page_id=56705"},"modified":"2022-06-13T10:48:02","modified_gmt":"2022-06-13T10:48:02","slug":"contacto","status":"publish","type":"page","link":"https:\/\/centrocolumbretes.com\/?page_id=56705","title":{"rendered":"Contacto"},"content":{"rendered":"<div class=\"wpb-content-wrapper\"><p>[vc_row][vc_column width=\u00bb1\/2&#8243;]<div id=\"ultimate-heading-669769f28fcd24df2\" class=\"uvc-heading ult-adjust-bottom-margin ultimate-heading-669769f28fcd24df2 uvc-3882 \" data-hspacer=\"no_spacer\"  data-halign=\"center\" style=\"text-align:center\"><div class=\"uvc-heading-spacer no_spacer\" style=\"top\"><\/div><div class=\"uvc-main-heading ult-responsive\"  data-ultimate-target='.uvc-heading.ultimate-heading-669769f28fcd24df2 h2'  data-responsive-json-new='{\"font-size\":\"desktop:25px;\",\"line-height\":\"\"}' ><h2 style=\"--font-weight:theme;\">Contacta con nosotros<\/h2><\/div><\/div>[vc_separator]\n<div class=\"wpcf7 no-js\" id=\"wpcf7-f6-o1\" lang=\"es-ES\" dir=\"ltr\" data-wpcf7-id=\"6\">\n<div class=\"screen-reader-response\"><p role=\"status\" aria-live=\"polite\" aria-atomic=\"true\"><\/p> <ul><\/ul><\/div>\n<form action=\"\/index.php?rest_route=%2Fwp%2Fv2%2Fpages%2F56705#wpcf7-f6-o1\" method=\"post\" class=\"wpcf7-form init\" aria-label=\"Formulario de contacto\" novalidate=\"novalidate\" data-status=\"init\">\n<fieldset class=\"hidden-fields-container\"><input type=\"hidden\" name=\"_wpcf7\" value=\"6\" \/><input type=\"hidden\" name=\"_wpcf7_version\" value=\"6.1.5\" \/><input type=\"hidden\" name=\"_wpcf7_locale\" value=\"es_ES\" \/><input type=\"hidden\" name=\"_wpcf7_unit_tag\" value=\"wpcf7-f6-o1\" \/><input type=\"hidden\" name=\"_wpcf7_container_post\" value=\"0\" \/><input type=\"hidden\" name=\"_wpcf7_posted_data_hash\" value=\"\" \/><input type=\"hidden\" name=\"_wpcf7_recaptcha_response\" value=\"\" \/>\n<\/fieldset>\n<p><label> Nombre*<br \/>\n<span class=\"wpcf7-form-control-wrap\" data-name=\"your-name\"><input size=\"40\" maxlength=\"400\" class=\"wpcf7-form-control wpcf7-text wpcf7-validates-as-required\" aria-required=\"true\" aria-invalid=\"false\" value=\"\" type=\"text\" name=\"your-name\" \/><\/span> <\/label>\n<\/p>\n<p><label> Correo electr\u00f3nico*<br \/>\n<span class=\"wpcf7-form-control-wrap\" data-name=\"your-email\"><input size=\"40\" maxlength=\"400\" class=\"wpcf7-form-control wpcf7-email wpcf7-validates-as-required wpcf7-text wpcf7-validates-as-email\" aria-required=\"true\" aria-invalid=\"false\" value=\"\" type=\"email\" name=\"your-email\" \/><\/span> <\/label>\n<\/p>\n<p><label> Asunto<br \/>\n<span class=\"wpcf7-form-control-wrap\" data-name=\"your-subject\"><input size=\"40\" maxlength=\"400\" class=\"wpcf7-form-control wpcf7-text\" aria-invalid=\"false\" value=\"\" type=\"text\" name=\"your-subject\" \/><\/span> <\/label>\n<\/p>\n<p><label> Mensaje<br \/>\n<span class=\"wpcf7-form-control-wrap\" data-name=\"your-message\"><textarea cols=\"40\" rows=\"10\" maxlength=\"2000\" class=\"wpcf7-form-control wpcf7-textarea\" aria-invalid=\"false\" name=\"your-message\"><\/textarea><\/span> <\/label>\n<\/p>\n<p><input class=\"wpcf7-form-control wpcf7-submit has-spinner\" type=\"submit\" value=\"Enviar\" \/>\n<\/p><div class=\"wpcf7-response-output\" aria-hidden=\"true\"><\/div>\n<\/form>\n<\/div>\n[\/vc_column][vc_column width=\u00bb1\/2&#8243;]<div id=\"ultimate-heading-721269f28fcd259fb\" class=\"uvc-heading ult-adjust-bottom-margin ultimate-heading-721269f28fcd259fb uvc-2355 \" data-hspacer=\"no_spacer\"  data-halign=\"center\" style=\"text-align:center\"><div class=\"uvc-heading-spacer no_spacer\" style=\"top\"><\/div><div class=\"uvc-main-heading ult-responsive\"  data-ultimate-target='.uvc-heading.ultimate-heading-721269f28fcd259fb h2'  data-responsive-json-new='{\"font-size\":\"desktop:25px;\",\"line-height\":\"\"}' ><h2 style=\"--font-weight:theme;\">D\u00f3nde estamos<\/h2><\/div><\/div>[vc_separator][vc_column_text]<iframe loading=\"lazy\" style=\"border: 0;\" tabindex=\"0\" src=\"https:\/\/www.google.com\/maps\/embed?pb=!1m18!1m12!1m3!1d3056.698996015911!2d-0.0401628842156785!3d39.992831529416534!2m3!1f0!2f0!3f0!3m2!1i1024!2i768!4f13.1!3m3!1m2!1s0xd5ffe32c576f6c9%3A0x2096aee9155ba586!2sCENTRO%20MAYORES%20Columbretes!5e0!3m2!1ses!2ses!4v1585310942687!5m2!1ses!2ses\" width=\"600\" height=\"550\" frameborder=\"0\" allowfullscreen=\"allowfullscreen\" aria-hidden=\"false\"><\/iframe>[\/vc_column_text][\/vc_column][\/vc_row][vc_row full_width=\u00bbstretch_row\u00bb css=\u00bb.vc_custom_1655105859503{margin-top: 10px !important;margin-bottom: -50px !important;padding-top: -30px !important;padding-right: 20px !important;padding-bottom: 20px !important;padding-left: 20px !important;background-color: #2e8cc2 !important;}\u00bb][vc_column width=\u00bb1\/2&#8243;]<div id=\"ultimate-heading-845569f28fcd25a4f\" class=\"uvc-heading ult-adjust-bottom-margin ultimate-heading-845569f28fcd25a4f uvc-5491 \" data-hspacer=\"no_spacer\"  data-halign=\"right\" style=\"text-align:right\"><div class=\"uvc-heading-spacer no_spacer\" style=\"top\"><\/div><div class=\"uvc-main-heading ult-responsive\"  data-ultimate-target='.uvc-heading.ultimate-heading-845569f28fcd25a4f h2'  data-responsive-json-new='{\"font-size\":\"desktop:25px;\",\"line-height\":\"\"}' ><h2 style=\"font-weight:bold;color:#ffffff;\">\u00bfEst\u00e1s interesado en trabajar con nosotros?<\/h2><\/div><\/div>[\/vc_column][vc_column width=\u00bb1\/2&#8243;][vc_btn title=\u00bbEnv\u00eda tu CV\u00bb style=\u00bbgradient\u00bb gradient_color_1=\u00bborange\u00bb gradient_color_2=\u00bbsandy-brown\u00bb size=\u00bblg\u00bb align=\u00bbcenter\u00bb link=\u00bburl:https%3A%2F%2Fmedigrupgestion.com%2Ffrontend%2Finfocurriculum|target:_blank\u00bb][\/vc_column][\/vc_row][vc_row disable_element=\u00bbyes\u00bb][vc_column width=\u00bb1\/2&#8243;]<div id=\"ultimate-heading-755969f28fcd25a82\" class=\"uvc-heading ult-adjust-bottom-margin ultimate-heading-755969f28fcd25a82 uvc-4610  uvc-heading-default-font-sizes\" data-hspacer=\"no_spacer\"  data-halign=\"center\" style=\"text-align:center\"><div class=\"uvc-heading-spacer no_spacer\" style=\"top\"><\/div><div class=\"uvc-main-heading ult-responsive\"  data-ultimate-target='.uvc-heading.ultimate-heading-755969f28fcd25a82 h2'  data-responsive-json-new='{\"font-size\":\"\",\"line-height\":\"\"}' ><h2 style=\"--font-weight:theme;\">Trabaja con nosotros<\/h2><\/div><\/div>[vc_separator][vc_column_text]Env\u00eda tu curr\u00edculum <strong><a href=\"https:\/\/medigrupgestion.com\/frontend\/infocurriculum\">pinchando aqu\u00ed<\/a><\/strong>[\/vc_column_text][\/vc_column][vc_column width=\u00bb1\/2&#8243;][\/vc_column][\/vc_row][vc_row disable_element=\u00bbyes\u00bb][vc_column]<style type=\"text\/css\" data-type=\"the7_shortcodes-inline-css\">#default-btn-69fa6c6f18b198435a7fafa962736ebc {\n  border-radius: 3px;\n  font-size: 13px;\n  line-height: 15px;\n}\n.btn-shadow#default-btn-69fa6c6f18b198435a7fafa962736ebc {\n  box-shadow: 0 1px 6px rgba(0,0,0,0.12);\n  transition: box-shadow 0.2s ease-out, opacity 0.45s;\n}\n.btn-shadow#default-btn-69fa6c6f18b198435a7fafa962736ebc:hover {\n  box-shadow: 0 5px 11px 0 rgba(0,0,0,0.18), 0 4px 15px 0 rgba(0,0,0,0.15);\n}\n.btn-3d#default-btn-69fa6c6f18b198435a7fafa962736ebc {\n  box-shadow: 0px 2px 0px 0px #e0e0e0;\n}\n.btn-flat#default-btn-69fa6c6f18b198435a7fafa962736ebc {\n  box-shadow: none;\n}\n.btn-flat#default-btn-69fa6c6f18b198435a7fafa962736ebc:hover {\n  box-shadow: none;\n}\n#default-btn-69fa6c6f18b198435a7fafa962736ebc.ico-right-side > i {\n  margin-right: 0px;\n  margin-left: 8px;\n}\n#default-btn-69fa6c6f18b198435a7fafa962736ebc > i {\n  margin-right: 8px;\n  font-size: 14px;\n}\n#default-btn-69fa6c6f18b198435a7fafa962736ebc:not(:hover) {\n  border-width: 0px;\n  border-color: #ffffff !important;\n  color: #1e73be;\n  background: #ffffff !important;\n  padding: 12px 18px 12px 18px;\n}\n#default-btn-69fa6c6f18b198435a7fafa962736ebc:not(:hover) * {\n  color: #1e73be;\n}\n#default-btn-69fa6c6f18b198435a7fafa962736ebc:hover {\n  border-width: 0px;\n  padding: 12px 18px 12px 18px;\n}\n#default-btn-69fa6c6f18b198435a7fafa962736ebc.ico-right-side > i {\n  margin-right: 0px;\n  margin-left: 8px;\n}\n#default-btn-69fa6c6f18b198435a7fafa962736ebc > i {\n  margin-right: 8px;\n}<\/style><div class=\"btn-align-center\"><a href=\"https:\/\/medigrupgestion.com\/frontend\/infocurriculum\" class=\"default-btn-shortcode dt-btn link-hover-off btn-shadow \" target=\"_blank\" id=\"default-btn-69fa6c6f18b198435a7fafa962736ebc\" title=\"cv\" rel=\"noopener\"> <span>Enviar mi CV<\/span><\/a><\/div>[\/vc_column][\/vc_row]<\/p>\n<\/div>","protected":false},"excerpt":{"rendered":"<p>[vc_row][vc_column width=\u00bb1\/2&#8243;][vc_separator][\/vc_column][vc_column width=\u00bb1\/2&#8243;][vc_separator][vc_column_text][\/vc_column_text][\/vc_column][\/vc_row][vc_row full_width=\u00bbstretch_row\u00bb css=\u00bb.vc_custom_1655105859503{margin-top: 10px !important;margin-bottom: -50px !important;padding-top: -30px !important;padding-right: 20px !important;padding-bottom: 20px !important;padding-left: 20px !important;background-color: #2e8cc2 !important;}\u00bb][vc_column width=\u00bb1\/2&#8243;][\/vc_column][vc_column width=\u00bb1\/2&#8243;][vc_btn title=\u00bbEnv\u00eda tu CV\u00bb style=\u00bbgradient\u00bb gradient_color_1=\u00bborange\u00bb gradient_color_2=\u00bbsandy-brown\u00bb size=\u00bblg\u00bb align=\u00bbcenter\u00bb link=\u00bburl:https%3A%2F%2Fmedigrupgestion.com%2Ffrontend%2Finfocurriculum|target:_blank\u00bb][\/vc_column][\/vc_row][vc_row disable_element=\u00bbyes\u00bb][vc_column width=\u00bb1\/2&#8243;][vc_separator][vc_column_text]Env\u00eda tu curr\u00edculum pinchando aqu\u00ed[\/vc_column_text][\/vc_column][vc_column width=\u00bb1\/2&#8243;][\/vc_column][\/vc_row][vc_row disable_element=\u00bbyes\u00bb][vc_column][\/vc_column][\/vc_row]<\/p>\n","protected":false},"author":1,"featured_media":0,"parent":0,"menu_order":0,"comment_status":"closed","ping_status":"closed","template":"","meta":{"footnotes":""},"class_list":["post-56705","page","type-page","status-publish","hentry","description-off"],"_links":{"self":[{"href":"https:\/\/centrocolumbretes.com\/index.php?rest_route=\/wp\/v2\/pages\/56705","targetHints":{"allow":["GET"]}}],"collection":[{"href":"https:\/\/centrocolumbretes.com\/index.php?rest_route=\/wp\/v2\/pages"}],"about":[{"href":"https:\/\/centrocolumbretes.com\/index.php?rest_route=\/wp\/v2\/types\/page"}],"author":[{"embeddable":true,"href":"https:\/\/centrocolumbretes.com\/index.php?rest_route=\/wp\/v2\/users\/1"}],"replies":[{"embeddable":true,"href":"https:\/\/centrocolumbretes.com\/index.php?rest_route=%2Fwp%2Fv2%2Fcomments&post=56705"}],"version-history":[{"count":10,"href":"https:\/\/centrocolumbretes.com\/index.php?rest_route=\/wp\/v2\/pages\/56705\/revisions"}],"predecessor-version":[{"id":58607,"href":"https:\/\/centrocolumbretes.com\/index.php?rest_route=\/wp\/v2\/pages\/56705\/revisions\/58607"}],"wp:attachment":[{"href":"https:\/\/centrocolumbretes.com\/index.php?rest_route=%2Fwp%2Fv2%2Fmedia&parent=56705"}],"curies":[{"name":"wp","href":"https:\/\/api.w.org\/{rel}","templated":true}]}}