{"id":56715,"date":"2020-03-27T12:27:34","date_gmt":"2020-03-27T12:27:34","guid":{"rendered":"https:\/\/columbretes.mediterraneagestion.es\/?page_id=56715"},"modified":"2022-06-27T07:00:58","modified_gmt":"2022-06-27T07:00:58","slug":"servicios","status":"publish","type":"page","link":"https:\/\/centrocolumbretes.com\/?page_id=56715","title":{"rendered":"Servicios"},"content":{"rendered":"<div class=\"wpb-content-wrapper\"><p>[vc_row][vc_column]<div id=\"ultimate-heading-779769f8a28570bc4\" class=\"uvc-heading ult-adjust-bottom-margin ultimate-heading-779769f8a28570bc4 uvc-2283  uvc-heading-default-font-sizes\" data-hspacer=\"no_spacer\"  data-halign=\"right\" style=\"text-align:right\"><div class=\"uvc-heading-spacer no_spacer\" style=\"top\"><\/div><div class=\"uvc-main-heading ult-responsive\"  data-ultimate-target='.uvc-heading.ultimate-heading-779769f8a28570bc4 h2'  data-responsive-json-new='{\"font-size\":\"\",\"line-height\":\"\"}' ><h2 style=\"--font-weight:theme;color:#2e8cc2;\">\u00c1rea de servicios generales<\/h2><\/div><\/div>[vc_separator][vc_row_inner][vc_column_inner width=\u00bb1\/4&#8243;][vc_single_image image=\u00bb58654&#8243; img_size=\u00bbmedium\u00bb alignment=\u00bbcenter\u00bb style=\u00bbvc_box_rounded\u00bb css_animation=\u00bbfadeIn\u00bb][\/vc_column_inner][vc_column_inner width=\u00bb3\/4&#8243;][vc_column_text]<\/p>\n<p style=\"text-align: justify;\" align=\"justify\">SERVICIO DE RECEPCI\u00d3N<br \/>\nSERVICIO DE COMEDOR &#8211; CAFETER\u00cdA: Cerrado temporalmente<br \/>\nSERVICIO DE PELUQUER\u00cdA Y EST\u00c9TICA: Martes a Viernes, 9:00 &#8211; 18:00 y S\u00e1bado, 10:00 &#8211; 14:00<\/p>\n<p>[\/vc_column_text][\/vc_column_inner][\/vc_row_inner][\/vc_column][\/vc_row][vc_row][vc_column][vc_empty_space height=\u00bb50px\u00bb][\/vc_column][\/vc_row][vc_row][vc_column]<div id=\"ultimate-heading-709369f8a28570c36\" class=\"uvc-heading ult-adjust-bottom-margin ultimate-heading-709369f8a28570c36 uvc-718  uvc-heading-default-font-sizes\" data-hspacer=\"no_spacer\"  data-halign=\"right\" style=\"text-align:right\"><div class=\"uvc-heading-spacer no_spacer\" style=\"top\"><\/div><div class=\"uvc-main-heading ult-responsive\"  data-ultimate-target='.uvc-heading.ultimate-heading-709369f8a28570c36 h2'  data-responsive-json-new='{\"font-size\":\"\",\"line-height\":\"\"}' ><h2 style=\"--font-weight:theme;color:#2e8cc2;\">\u00c1rea Asistencial - Salud<\/h2><\/div><\/div>[vc_separator][vc_row_inner][vc_column_inner width=\u00bb1\/4&#8243;][vc_single_image image=\u00bb58653&#8243; img_size=\u00bbmedium\u00bb alignment=\u00bbcenter\u00bb style=\u00bbvc_box_rounded\u00bb css_animation=\u00bbfadeIn\u00bb][\/vc_column_inner][vc_column_inner width=\u00bb3\/4&#8243;][vc_column_text]<\/p>\n<p align=\"justify\">SERVICIO DE FISIOTERAPIA: Lunes a Jueves de 9.00 &#8211; 13.30<\/p>\n<p style=\"text-align: left;\" align=\"justify\">SERVICIO DE PODOLOG\u00cdA: Viernes, 9:00 &#8211; 14:00 \u00b7 8\u20ac por servicio: (10% Iva incluido) \u00b7 Cita previa:\u00a0 964 20 94 97<\/p>\n<p>[\/vc_column_text][\/vc_column_inner][\/vc_row_inner][\/vc_column][\/vc_row][vc_row][vc_column][vc_empty_space height=\u00bb50px\u00bb][\/vc_column][\/vc_row]<\/p>\n<\/div>","protected":false},"excerpt":{"rendered":"<p>[vc_row][vc_column][vc_separator][vc_row_inner][vc_column_inner width=\u00bb1\/4&#8243;][vc_single_image image=\u00bb58654&#8243; img_size=\u00bbmedium\u00bb alignment=\u00bbcenter\u00bb style=\u00bbvc_box_rounded\u00bb css_animation=\u00bbfadeIn\u00bb][\/vc_column_inner][vc_column_inner width=\u00bb3\/4&#8243;][vc_column_text] SERVICIO DE RECEPCI\u00d3N SERVICIO DE COMEDOR &#8211; CAFETER\u00cdA: Cerrado temporalmente SERVICIO DE PELUQUER\u00cdA Y EST\u00c9TICA: Martes a Viernes, 9:00 &#8211; 18:00 y S\u00e1bado, 10:00 &#8211; 14:00 [\/vc_column_text][\/vc_column_inner][\/vc_row_inner][\/vc_column][\/vc_row][vc_row][vc_column][vc_empty_space height=\u00bb50px\u00bb][\/vc_column][\/vc_row][vc_row][vc_column][vc_separator][vc_row_inner][vc_column_inner width=\u00bb1\/4&#8243;][vc_single_image image=\u00bb58653&#8243; img_size=\u00bbmedium\u00bb alignment=\u00bbcenter\u00bb style=\u00bbvc_box_rounded\u00bb css_animation=\u00bbfadeIn\u00bb][\/vc_column_inner][vc_column_inner width=\u00bb3\/4&#8243;][vc_column_text] SERVICIO DE FISIOTERAPIA: Lunes a Jueves de 9.00 &#8211; 13.30 SERVICIO DE&hellip;<\/p>\n","protected":false},"author":1,"featured_media":0,"parent":0,"menu_order":0,"comment_status":"closed","ping_status":"closed","template":"","meta":{"footnotes":""},"class_list":["post-56715","page","type-page","status-publish","hentry","description-off"],"_links":{"self":[{"href":"https:\/\/centrocolumbretes.com\/index.php?rest_route=\/wp\/v2\/pages\/56715","targetHints":{"allow":["GET"]}}],"collection":[{"href":"https:\/\/centrocolumbretes.com\/index.php?rest_route=\/wp\/v2\/pages"}],"about":[{"href":"https:\/\/centrocolumbretes.com\/index.php?rest_route=\/wp\/v2\/types\/page"}],"author":[{"embeddable":true,"href":"https:\/\/centrocolumbretes.com\/index.php?rest_route=\/wp\/v2\/users\/1"}],"replies":[{"embeddable":true,"href":"https:\/\/centrocolumbretes.com\/index.php?rest_route=%2Fwp%2Fv2%2Fcomments&post=56715"}],"version-history":[{"count":30,"href":"https:\/\/centrocolumbretes.com\/index.php?rest_route=\/wp\/v2\/pages\/56715\/revisions"}],"predecessor-version":[{"id":58694,"href":"https:\/\/centrocolumbretes.com\/index.php?rest_route=\/wp\/v2\/pages\/56715\/revisions\/58694"}],"wp:attachment":[{"href":"https:\/\/centrocolumbretes.com\/index.php?rest_route=%2Fwp%2Fv2%2Fmedia&parent=56715"}],"curies":[{"name":"wp","href":"https:\/\/api.w.org\/{rel}","templated":true}]}}