{"id":58349,"date":"2022-05-18T10:15:26","date_gmt":"2022-05-18T10:15:26","guid":{"rendered":"https:\/\/nuevo.centrocolumbretes.com\/?page_id=58349"},"modified":"2022-06-27T06:55:13","modified_gmt":"2022-06-27T06:55:13","slug":"modulo-de-desarrollo-psicomotriz","status":"publish","type":"page","link":"https:\/\/centrocolumbretes.com\/?page_id=58349","title":{"rendered":"M\u00f3dulo de desarrollo psicomotriz"},"content":{"rendered":"<div class=\"wpb-content-wrapper\"><p>[vc_row][vc_column]<div id=\"ultimate-heading-48269f391d232ef5\" class=\"uvc-heading ult-adjust-bottom-margin ultimate-heading-48269f391d232ef5 uvc-1165  uvc-heading-default-font-sizes\" data-hspacer=\"no_spacer\"  data-halign=\"center\" style=\"text-align:center\"><div class=\"uvc-heading-spacer no_spacer\" style=\"top\"><\/div><div class=\"uvc-main-heading ult-responsive\"  data-ultimate-target='.uvc-heading.ultimate-heading-48269f391d232ef5 h2'  data-responsive-json-new='{\"font-size\":\"\",\"line-height\":\"\"}' ><h2 style=\"--font-weight:theme;color:#2e8cc2;\">M\u00f3dulo de desarrollo psicomotriz<\/h2><\/div><\/div>[vc_empty_space height=\u00bb35px\u00bb][vc_column_text]<\/p>\n<p style=\"text-align: justify;\">Espacio para propiciar la correcta aplicaci\u00f3n de la actividad motriz, y tomar conciencia de la importancia de la actividad f\u00edsica en las personas mayores.<\/p>\n<p><span style=\"text-decoration: underline;\">Actividades:<\/span><\/p>\n<ol>\n<li>Pilates<\/li>\n<li>Educaci\u00f3n para la salud<\/li>\n<li>Gimnasia rehabilitadora<\/li>\n<li>T\u00e9cnicas de relajaci\u00f3n<\/li>\n<li>Yoga<\/li>\n<li>Tonificaci\u00f3n y estiramientos<\/li>\n<li>Bailes de sal\u00f3n<\/li>\n<\/ol>\n<p>[\/vc_column_text][vc_empty_space height=\u00bb35px\u00bb]<style type=\"text\/css\" data-type=\"the7_shortcodes-inline-css\">.gallery-shortcode.gallery-masonry-shortcode-id-1aa84eb126d815b145deb3f9108785ec figure,\n.gallery-shortcode.gallery-masonry-shortcode-id-1aa84eb126d815b145deb3f9108785ec .rollover,\n.gallery-shortcode.gallery-masonry-shortcode-id-1aa84eb126d815b145deb3f9108785ec img,\n.gallery-shortcode.gallery-masonry-shortcode-id-1aa84eb126d815b145deb3f9108785ec .gallery-rollover {\n  border-radius: 0px;\n}\n.gallery-shortcode.gallery-masonry-shortcode-id-1aa84eb126d815b145deb3f9108785ec.enable-bg-rollover .gallery-rollover {\n  background: -webkit-linear-gradient();\n  background: linear-gradient();\n}\n.gallery-shortcode.gallery-masonry-shortcode-id-1aa84eb126d815b145deb3f9108785ec.enable-bg-rollover.hover-scale figure .rollover:after {\n  background: -webkit-linear-gradient();\n  background: linear-gradient();\n}\n.gallery-shortcode.gallery-masonry-shortcode-id-1aa84eb126d815b145deb3f9108785ec .gallery-zoom-ico {\n  width: 44px;\n  height: 44px;\n  line-height: 44px;\n  border-radius: 100px;\n  margin: -22px 0 0 -22px;\n  border-width: 0px;\n  color: #ffffff;\n}\n.dt-icon-bg-on.gallery-shortcode.gallery-masonry-shortcode-id-1aa84eb126d815b145deb3f9108785ec .gallery-zoom-ico {\n  background: rgba(255,255,255,0.3);\n  box-shadow: none;\n}\n.gallery-shortcode.gallery-masonry-shortcode-id-1aa84eb126d815b145deb3f9108785ec .gallery-zoom-ico:before,\n.gallery-shortcode.gallery-masonry-shortcode-id-1aa84eb126d815b145deb3f9108785ec .gallery-zoom-ico span {\n  font-size: 32px;\n  line-height: 44px;\n  color: #ffffff;\n}\n.gallery-shortcode.gallery-masonry-shortcode-id-1aa84eb126d815b145deb3f9108785ec:not(.resize-by-browser-width) .dt-css-grid {\n  grid-row-gap: 10px;\n  grid-column-gap: 10px;\n  grid-template-columns: repeat(auto-fill,minmax(,1fr));\n}\n.gallery-shortcode.gallery-masonry-shortcode-id-1aa84eb126d815b145deb3f9108785ec:not(.resize-by-browser-width) .dt-css-grid .double-width {\n  grid-column: span 2;\n}\n.cssgridlegacy.no-cssgrid .gallery-shortcode.gallery-masonry-shortcode-id-1aa84eb126d815b145deb3f9108785ec:not(.resize-by-browser-width) .dt-css-grid,\n.no-cssgridlegacy.no-cssgrid .gallery-shortcode.gallery-masonry-shortcode-id-1aa84eb126d815b145deb3f9108785ec:not(.resize-by-browser-width) .dt-css-grid {\n  display: flex;\n  flex-flow: row wrap;\n  margin: -5px;\n}\n.cssgridlegacy.no-cssgrid .gallery-shortcode.gallery-masonry-shortcode-id-1aa84eb126d815b145deb3f9108785ec:not(.resize-by-browser-width) .dt-css-grid .wf-cell,\n.no-cssgridlegacy.no-cssgrid .gallery-shortcode.gallery-masonry-shortcode-id-1aa84eb126d815b145deb3f9108785ec:not(.resize-by-browser-width) .dt-css-grid .wf-cell {\n  flex: 1 0 ;\n  max-width: 100%;\n  padding: 5px;\n  box-sizing: border-box;\n}\n.gallery-shortcode.gallery-masonry-shortcode-id-1aa84eb126d815b145deb3f9108785ec.resize-by-browser-width .dt-css-grid {\n  grid-template-columns: repeat(3,1fr);\n  grid-template-rows: auto;\n  grid-column-gap: 10px;\n  grid-row-gap: 10px;\n}\n.gallery-shortcode.gallery-masonry-shortcode-id-1aa84eb126d815b145deb3f9108785ec.resize-by-browser-width .dt-css-grid .double-width {\n  grid-column: span 2;\n}\n.cssgridlegacy.no-cssgrid .gallery-shortcode.gallery-masonry-shortcode-id-1aa84eb126d815b145deb3f9108785ec.resize-by-browser-width .dt-css-grid {\n  margin: -5px;\n}\n.cssgridlegacy.no-cssgrid .gallery-shortcode.gallery-masonry-shortcode-id-1aa84eb126d815b145deb3f9108785ec.resize-by-browser-width .dt-css-grid .wf-cell {\n  width: 33.333333333333%;\n  padding: 5px;\n}\n.cssgridlegacy.no-cssgrid .gallery-shortcode.gallery-masonry-shortcode-id-1aa84eb126d815b145deb3f9108785ec.resize-by-browser-width .dt-css-grid .wf-cell.double-width {\n  width: calc(33.333333333333%) * 2;\n}\n.gallery-shortcode.gallery-masonry-shortcode-id-1aa84eb126d815b145deb3f9108785ec.resize-by-browser-width:not(.centered-layout-list):not(.content-bg-on) .dt-css-grid {\n  grid-row-gap: 10px - ;\n}\n@media screen and (max-width: 1199px) {\n  .gallery-shortcode.gallery-masonry-shortcode-id-1aa84eb126d815b145deb3f9108785ec.resize-by-browser-width .dt-css-grid {\n    grid-template-columns: repeat(4,1fr);\n  }\n  .cssgridlegacy.no-cssgrid .gallery-shortcode.gallery-masonry-shortcode-id-1aa84eb126d815b145deb3f9108785ec.resize-by-browser-width .dt-css-grid .wf-cell,\n  .no-cssgridlegacy.no-cssgrid .gallery-shortcode.gallery-masonry-shortcode-id-1aa84eb126d815b145deb3f9108785ec.resize-by-browser-width .dt-css-grid .wf-cell {\n    width: 25%;\n  }\n  .cssgridlegacy.no-cssgrid .gallery-shortcode.gallery-masonry-shortcode-id-1aa84eb126d815b145deb3f9108785ec.resize-by-browser-width .dt-css-grid .wf-cell.double-width,\n  .no-cssgridlegacy.no-cssgrid .gallery-shortcode.gallery-masonry-shortcode-id-1aa84eb126d815b145deb3f9108785ec.resize-by-browser-width .dt-css-grid .wf-cell.double-width {\n    width: calc(25%)*2;\n  }\n}\n@media screen and (max-width: 991px) {\n  .gallery-shortcode.gallery-masonry-shortcode-id-1aa84eb126d815b145deb3f9108785ec.resize-by-browser-width .dt-css-grid {\n    grid-template-columns: repeat(3,1fr);\n  }\n  .cssgridlegacy.no-cssgrid .gallery-shortcode.gallery-masonry-shortcode-id-1aa84eb126d815b145deb3f9108785ec.resize-by-browser-width .dt-css-grid .wf-cell,\n  .no-cssgridlegacy.no-cssgrid .gallery-shortcode.gallery-masonry-shortcode-id-1aa84eb126d815b145deb3f9108785ec.resize-by-browser-width .dt-css-grid .wf-cell {\n    width: 33.333333333333%;\n  }\n  .cssgridlegacy.no-cssgrid .gallery-shortcode.gallery-masonry-shortcode-id-1aa84eb126d815b145deb3f9108785ec.resize-by-browser-width .dt-css-grid .wf-cell.double-width,\n  .no-cssgridlegacy.no-cssgrid .gallery-shortcode.gallery-masonry-shortcode-id-1aa84eb126d815b145deb3f9108785ec.resize-by-browser-width .dt-css-grid .wf-cell.double-width {\n    width: calc(33.333333333333%)*2;\n  }\n}\n@media screen and (max-width: 767px) {\n  .gallery-shortcode.gallery-masonry-shortcode-id-1aa84eb126d815b145deb3f9108785ec.resize-by-browser-width .dt-css-grid {\n    grid-template-columns: repeat(2,1fr);\n  }\n  .cssgridlegacy.no-cssgrid .gallery-shortcode.gallery-masonry-shortcode-id-1aa84eb126d815b145deb3f9108785ec.resize-by-browser-width .dt-css-grid .wf-cell,\n  .no-cssgridlegacy.no-cssgrid .gallery-shortcode.gallery-masonry-shortcode-id-1aa84eb126d815b145deb3f9108785ec.resize-by-browser-width .dt-css-grid .wf-cell {\n    width: 50%;\n  }\n  .cssgridlegacy.no-cssgrid .gallery-shortcode.gallery-masonry-shortcode-id-1aa84eb126d815b145deb3f9108785ec.resize-by-browser-width .dt-css-grid .wf-cell.double-width,\n  .no-cssgridlegacy.no-cssgrid .gallery-shortcode.gallery-masonry-shortcode-id-1aa84eb126d815b145deb3f9108785ec.resize-by-browser-width .dt-css-grid .wf-cell.double-width {\n    width: calc(50%)*2;\n  }\n}<\/style><div class=\"gallery-shortcode dt-gallery-container gallery-masonry-shortcode-id-1aa84eb126d815b145deb3f9108785ec mode-masonry jquery-filter dt-icon-bg-off quick-scale-img enable-bg-rollover resize-by-browser-width  hover-fade loading-effect-none description-on-hover\" data-padding=\"5px\" data-cur-page=\"1\" data-post-limit=\"-1\" data-pagination-mode=\"none\" data-desktop-columns-num=\"3\" data-v-tablet-columns-num=\"3\" data-h-tablet-columns-num=\"4\" data-phone-columns-num=\"2\" data-width=\"0px\" data-columns=\"0\"><div class=\"iso-container\" ><div class=\"wf-cell iso-item\" data-post-id=\"58457\" data-date=\"2022-05-27T07:29:25+00:00\" data-name=\"m\u00f3dulo de desarrollo psicomotriz\"><figure class=\"post visible\"><a href=\"https:\/\/centrocolumbretes.com\/wp-content\/uploads\/2022\/05\/modulo-de-desarrollo-psicomotriz.jpg\" class=\"rollover dt-pswp-item layzr-bg\" data-large_image_width=\"1370\" data-large_image_height=\"875\" data-dt-img-description=\"\" title=\"m\u00f3dulo de desarrollo psicomotriz\"><img fetchpriority=\"high\" decoding=\"async\" class=\"preload-me iso-lazy-load aspect\" src=\"data:image\/svg+xml,%3Csvg%20xmlns%3D&#39;http%3A%2F%2Fwww.w3.org%2F2000%2Fsvg&#39;%20viewBox%3D&#39;0%200%20379%20379&#39;%2F%3E\" data-src=\"https:\/\/centrocolumbretes.com\/wp-content\/uploads\/2022\/05\/modulo-de-desarrollo-psicomotriz-379x379.jpg\" data-srcset=\"https:\/\/centrocolumbretes.com\/wp-content\/uploads\/2022\/05\/modulo-de-desarrollo-psicomotriz-379x379.jpg 379w, https:\/\/centrocolumbretes.com\/wp-content\/uploads\/2022\/05\/modulo-de-desarrollo-psicomotriz-569x569.jpg 569w\" loading=\"eager\" style=\"--ratio: 379 \/ 379\" sizes=\"(max-width: 379px) 100vw, 379px\" alt=\"\" width=\"379\" height=\"379\"  \/><span class=\"gallery-rollover\"><span class=\"gallery-zoom-ico icomoon-the7-font-the7-zoom-06\"><span><\/span><\/span><\/span><\/a><\/figure><\/div><div class=\"wf-cell iso-item\" data-post-id=\"58487\" data-date=\"2022-06-01T09:56:03+00:00\" data-name=\"educaci\u00f3n para la salud_m\u00f3dulo psicomotriz\"><figure class=\"post visible\"><a href=\"https:\/\/centrocolumbretes.com\/wp-content\/uploads\/2022\/06\/educacion-para-la-salud_modulo-psicomotriz.png\" class=\"rollover dt-pswp-item layzr-bg\" data-large_image_width=\"1920\" data-large_image_height=\"1080\" data-dt-img-description=\"\" title=\"educaci\u00f3n para la salud_m\u00f3dulo psicomotriz\"><img decoding=\"async\" class=\"preload-me iso-lazy-load aspect\" src=\"data:image\/svg+xml,%3Csvg%20xmlns%3D&#39;http%3A%2F%2Fwww.w3.org%2F2000%2Fsvg&#39;%20viewBox%3D&#39;0%200%20379%20379&#39;%2F%3E\" data-src=\"https:\/\/centrocolumbretes.com\/wp-content\/uploads\/2022\/06\/educacion-para-la-salud_modulo-psicomotriz-379x379.png\" data-srcset=\"https:\/\/centrocolumbretes.com\/wp-content\/uploads\/2022\/06\/educacion-para-la-salud_modulo-psicomotriz-379x379.png 379w, https:\/\/centrocolumbretes.com\/wp-content\/uploads\/2022\/06\/educacion-para-la-salud_modulo-psicomotriz-569x569.png 569w\" loading=\"eager\" style=\"--ratio: 379 \/ 379\" sizes=\"(max-width: 379px) 100vw, 379px\" alt=\"\" width=\"379\" height=\"379\"  \/><span class=\"gallery-rollover\"><span class=\"gallery-zoom-ico icomoon-the7-font-the7-zoom-06\"><span><\/span><\/span><\/span><\/a><\/figure><\/div><div class=\"wf-cell iso-item\" data-post-id=\"58489\" data-date=\"2022-06-01T09:56:21+00:00\" data-name=\"m\u00f3dulo pscomotriz pilates\"><figure class=\"post visible\"><a href=\"https:\/\/centrocolumbretes.com\/wp-content\/uploads\/2022\/06\/modulo-pscomotriz-pilates.png\" class=\"rollover dt-pswp-item layzr-bg\" data-large_image_width=\"1920\" data-large_image_height=\"1080\" data-dt-img-description=\"\" title=\"m\u00f3dulo pscomotriz pilates\"><img decoding=\"async\" class=\"preload-me iso-lazy-load aspect\" src=\"data:image\/svg+xml,%3Csvg%20xmlns%3D&#39;http%3A%2F%2Fwww.w3.org%2F2000%2Fsvg&#39;%20viewBox%3D&#39;0%200%20379%20379&#39;%2F%3E\" data-src=\"https:\/\/centrocolumbretes.com\/wp-content\/uploads\/2022\/06\/modulo-pscomotriz-pilates-379x379.png\" data-srcset=\"https:\/\/centrocolumbretes.com\/wp-content\/uploads\/2022\/06\/modulo-pscomotriz-pilates-379x379.png 379w, https:\/\/centrocolumbretes.com\/wp-content\/uploads\/2022\/06\/modulo-pscomotriz-pilates-569x569.png 569w\" loading=\"eager\" style=\"--ratio: 379 \/ 379\" sizes=\"(max-width: 379px) 100vw, 379px\" alt=\"\" width=\"379\" height=\"379\"  \/><span class=\"gallery-rollover\"><span class=\"gallery-zoom-ico icomoon-the7-font-the7-zoom-06\"><span><\/span><\/span><\/span><\/a><\/figure><\/div><\/div><!-- iso-container|iso-grid --><\/div>[\/vc_column][\/vc_row]<\/p>\n<\/div>","protected":false},"excerpt":{"rendered":"<p>[vc_row][vc_column][vc_empty_space height=\u00bb35px\u00bb][vc_column_text] Espacio para propiciar la correcta aplicaci\u00f3n de la actividad motriz, y tomar conciencia de la importancia de la actividad f\u00edsica en las personas mayores. Actividades: Pilates Educaci\u00f3n para la salud Gimnasia rehabilitadora T\u00e9cnicas de relajaci\u00f3n Yoga Tonificaci\u00f3n y estiramientos Bailes de sal\u00f3n [\/vc_column_text][vc_empty_space height=\u00bb35px\u00bb][\/vc_column][\/vc_row]<\/p>\n","protected":false},"author":1,"featured_media":0,"parent":0,"menu_order":0,"comment_status":"closed","ping_status":"closed","template":"","meta":{"footnotes":""},"class_list":["post-58349","page","type-page","status-publish","hentry","description-off"],"_links":{"self":[{"href":"https:\/\/centrocolumbretes.com\/index.php?rest_route=\/wp\/v2\/pages\/58349","targetHints":{"allow":["GET"]}}],"collection":[{"href":"https:\/\/centrocolumbretes.com\/index.php?rest_route=\/wp\/v2\/pages"}],"about":[{"href":"https:\/\/centrocolumbretes.com\/index.php?rest_route=\/wp\/v2\/types\/page"}],"author":[{"embeddable":true,"href":"https:\/\/centrocolumbretes.com\/index.php?rest_route=\/wp\/v2\/users\/1"}],"replies":[{"embeddable":true,"href":"https:\/\/centrocolumbretes.com\/index.php?rest_route=%2Fwp%2Fv2%2Fcomments&post=58349"}],"version-history":[{"count":10,"href":"https:\/\/centrocolumbretes.com\/index.php?rest_route=\/wp\/v2\/pages\/58349\/revisions"}],"predecessor-version":[{"id":58692,"href":"https:\/\/centrocolumbretes.com\/index.php?rest_route=\/wp\/v2\/pages\/58349\/revisions\/58692"}],"wp:attachment":[{"href":"https:\/\/centrocolumbretes.com\/index.php?rest_route=%2Fwp%2Fv2%2Fmedia&parent=58349"}],"curies":[{"name":"wp","href":"https:\/\/api.w.org\/{rel}","templated":true}]}}