{"id":58352,"date":"2022-05-18T10:15:44","date_gmt":"2022-05-18T10:15:44","guid":{"rendered":"https:\/\/nuevo.centrocolumbretes.com\/?page_id=58352"},"modified":"2025-08-01T12:16:24","modified_gmt":"2025-08-01T12:16:24","slug":"matricula","status":"publish","type":"page","link":"https:\/\/centrocolumbretes.com\/?page_id=58352","title":{"rendered":"Matr\u00edcula curso 2025\/26"},"content":{"rendered":"<div class=\"wpb-content-wrapper\"><p>[vc_row][vc_column][vc_column_text css=\u00bb\u00bb]<\/p>\n<p style=\"text-align: justify;\">Para poder ser alumno\/a del programa de Aulas de Mayores, se debe pasar por un proceso de matriculaci\u00f3n que se iniciar\u00e1 en el mes de septiembre. Las plazas de cada actividad son sorteadas, siendo el<strong> reparto de boletos\/papeletas el 2 y el 3 de septiembre para el m\u00f3dulo art\u00edstico, el 4 y el 5 de septiembre para el m\u00f3dulo de humanidades y los d\u00edas 9, 10 y 11 de septiembre para el m\u00f3dulo psicomotriz.<\/strong> El <strong>sorteo se celebrar\u00e1 el d\u00eda 12 de septiembre,<\/strong> y se informar\u00e1 a las personas que han sido admitidas mediante el sorteo para que acudan a <strong>matricularse, una vez iniciadas las clases, entre el 15 y el 31 de octubre.<\/strong><\/p>\n<p>[\/vc_column_text][\/vc_column][\/vc_row][vc_row css=\u00bb.vc_custom_1754050533774{margin-top: 50px !important;margin-bottom: 50px !important;}\u00bb][vc_column][vc_row_inner][vc_column_inner width=\u00bb1\/3&#8243;]<div class=\"smile_icon_list_wrap ult_info_list_container ult-adjust-bottom-margin  \"><ul class=\"smile_icon_list left circle with_bg\"><li class=\"icon_list_item\" style=\" font-size:60px;\"><div class=\"icon_list_icon\" data-animation=\"\" data-animation-delay=\"03\" style=\"font-size:20px;border-width:1px;border-style:none;background:#2e8cc2;color:#ffffff;border-color:#333333;\"><i class=\"icomoon-the7-font-the7-link-03\" ><\/i><\/div><div class=\"icon_description\" id=\"Info-list-wrap-2045\" style=\"font-size:20px;\"><h3 class=\"ult-responsive info-list-heading\"  data-ultimate-target='#Info-list-wrap-2045 h3'  data-responsive-json-new='{\"font-size\":\"desktop:20px;\",\"line-height\":\"desktop:24px;\"}'  style=\"\">Reparto de boletos<\/h3><div class=\"icon_description_text ult-responsive\"  data-ultimate-target='#Info-list-wrap-2045 .icon_description_text'  data-responsive-json-new='{\"font-size\":\"desktop:13px;\",\"line-height\":\"desktop:18px;\"}'  style=\"\"><p><strong>M\u00f3dulo art\u00edstico: 2 y 3 de septiembre. <\/strong><\/p>\n<p><strong>M\u00f3dulo de humanidades: 4 y 5 septiembre<\/strong><\/p>\n<p><strong>M\u00f3dulo psicomotriz: 9, 10 y 11 septiembre.<\/strong><\/p>\n<\/div><\/div><div class=\"icon_list_connector\"  style=\"border-right-width: 1px;border-right-style: dashed;border-color: #2e8cc2;\"><\/div><\/li><li class=\"icon_list_item\" style=\" font-size:60px;\"><div class=\"icon_list_icon\" data-animation=\"\" data-animation-delay=\"03\" style=\"font-size:20px;border-width:1px;border-style:none;background:#2e8cc2;color:#ffffff;border-color:#333333;\"><i class=\"dt-icon-the7-show-icons\" ><\/i><\/div><div class=\"icon_description\" id=\"Info-list-wrap-7211\" style=\"font-size:20px;\"><h3 class=\"ult-responsive info-list-heading\"  data-ultimate-target='#Info-list-wrap-7211 h3'  data-responsive-json-new='{\"font-size\":\"desktop:20px;\",\"line-height\":\"desktop:24px;\"}'  style=\"\">Sorteo<\/h3><div class=\"icon_description_text ult-responsive\"  data-ultimate-target='#Info-list-wrap-7211 .icon_description_text'  data-responsive-json-new='{\"font-size\":\"desktop:13px;\",\"line-height\":\"desktop:18px;\"}'  style=\"\"><h4>12 septiembre<\/h4>\n<p>&nbsp;<\/p>\n<\/div><\/div><div class=\"icon_list_connector\"  style=\"border-right-width: 1px;border-right-style: dashed;border-color: #2e8cc2;\"><\/div><\/li><li class=\"icon_list_item\" style=\" font-size:60px;\"><div class=\"icon_list_icon\" data-animation=\"\" data-animation-delay=\"03\" style=\"font-size:20px;border-width:1px;border-style:none;background:#2e8cc2;color:#ffffff;border-color:#333333;\"><i class=\"dt-icon-the7-menu-004\" ><\/i><\/div><div class=\"icon_description\" id=\"Info-list-wrap-5123\" style=\"font-size:20px;\"><h3 class=\"ult-responsive info-list-heading\"  data-ultimate-target='#Info-list-wrap-5123 h3'  data-responsive-json-new='{\"font-size\":\"desktop:20px;\",\"line-height\":\"desktop:24px;\"}'  style=\"\">Matriculaci\u00f3n<\/h3><div class=\"icon_description_text ult-responsive\"  data-ultimate-target='#Info-list-wrap-5123 .icon_description_text'  data-responsive-json-new='{\"font-size\":\"desktop:13px;\",\"line-height\":\"desktop:18px;\"}'  style=\"\"><h4>15 &#8211; 31 octubre<\/h4>\n<\/div><\/div><div class=\"icon_list_connector\"  style=\"border-right-width: 1px;border-right-style: dashed;border-color: #2e8cc2;\"><\/div><\/li><\/ul><\/div>[\/vc_column_inner][vc_column_inner width=\u00bb2\/3&#8243;][vc_single_image image=\u00bb58652&#8243; img_size=\u00bbfull\u00bb][\/vc_column_inner][\/vc_row_inner][\/vc_column][\/vc_row][vc_row disable_element=\u00bbyes\u00bb][vc_column]<div id=\"ultimate-heading-952769dce1fe3d027\" class=\"uvc-heading ult-adjust-bottom-margin ultimate-heading-952769dce1fe3d027 uvc-7073  uvc-heading-default-font-sizes\" data-hspacer=\"no_spacer\"  data-halign=\"left\" style=\"text-align:left\"><div class=\"uvc-heading-spacer no_spacer\" style=\"top\"><\/div><div class=\"uvc-sub-heading ult-responsive\"  data-ultimate-target='.uvc-heading.ultimate-heading-952769dce1fe3d027 .uvc-sub-heading '  data-responsive-json-new='{\"font-size\":\"\",\"line-height\":\"\"}'  style=\"font-weight:normal;\"><\/p>\n<table>\n<tbody>\n<tr>\n<td width=\"224\">FECHAS<\/td>\n<td width=\"354\">ACCIONES<\/td>\n<\/tr>\n<tr>\n<td width=\"224\">5 &#8211; 8 septiembre<\/td>\n<td width=\"354\">REPARTO DE BOLETOS<\/td>\n<\/tr>\n<tr>\n<td width=\"224\">9 septiembre<\/td>\n<td width=\"354\">SORTEO<\/td>\n<\/tr>\n<tr>\n<td width=\"224\">19 &#8211; 30 septiembre<\/td>\n<td width=\"354\">MATRICULACI\u00d3N<\/td>\n<\/tr>\n<\/tbody>\n<\/table>\n<p><\/div><\/div><div class=\"ult_pricing_table_wrap ult_info_table ult_design_3  ult-cs-blue \">\n\t\t\t\t\t<div class=\"ult_pricing_table info_min_ht\" style=\" min-height:10px;\"><div id=\"Info-table-wrap-6803\" class=\"ult_pricing_heading\">\n\t\t\t\t\t\t\t<h3 class=\"ult-responsive\"  data-ultimate-target='#Info-table-wrap-6803 h3'  data-responsive-json-new='{\"font-size\":\"desktop:30px;\",\"line-height\":\"\"}'  style=\"font-weight:bold;color:#ffffff;\"><\/h3><h5 class=\"ult-responsive\"  data-ultimate-target='#Info-table-wrap-6803 h5'  data-responsive-json-new='{\"font-size\":\"desktop:21px;\",\"line-height\":\"\"}'  style=\"font-weight:bold;color:#ffffff;\">PROGRAMA DE AULAS DE MAYORES (CURSO 22\/23)<\/h5><\/div><!--ult_pricing_heading--><div id=\"info_table_features_wrap-2994\"  data-ultimate-target='#info_table_features_wrap-2994.ult_price_features'  data-responsive-json-new='{\"font-size\":\"\",\"line-height\":\"\"}'  class=\"ult-responsive ult_price_features\" style=\"font-weight:normal;\">\n\t\t\t\t\t\t\t<table style=\"height: 108px; border: 2px solid white;\" width=\"494\">\n<tbody>\n<tr style=\"border: 2px solid white;\">\n<td width=\"224\"><strong>FECHAS<\/strong><\/td>\n<td width=\"354\"><strong>ACCIONES<\/strong><\/td>\n<\/tr>\n<tr style=\"border: 2px solid white;\">\n<td width=\"224\">5 \u2013 8 septiembre<\/td>\n<td width=\"354\">REPARTO DE BOLETOS<\/td>\n<\/tr>\n<tr style=\"border: 2px solid white;\">\n<td width=\"224\">9 septiembre<\/td>\n<td width=\"354\">SORTEO<\/td>\n<\/tr>\n<tr style=\"border: 2px solid white;\">\n<td width=\"224\">19 \u2013 30 septiembre<\/td>\n<td width=\"354\">MATRICULACI\u00d3N<\/td>\n<\/tr>\n<\/tbody>\n<\/table>\n\n\t\t\t\t\t\t<\/div><!--ult_price_features--><div class=\"ult_clr\"><\/div>\n\t\t\t<\/div><!--pricing_table-->\n\t\t<\/div><!--pricing_table_wrap-->[\/vc_column][\/vc_row][vc_row css=\u00bb.vc_custom_1754050551460{margin-bottom: 50px !important;}\u00bb][vc_column width=\u00bb1\/2&#8243;][vc_single_image image=\u00bb58909&#8243; img_size=\u00bbfull\u00bb alignment=\u00bbcenter\u00bb onclick=\u00bbimg_link_large\u00bb img_link_target=\u00bb_blank\u00bb css=\u00bb\u00bb][\/vc_column][vc_column width=\u00bb1\/2&#8243;][vc_single_image image=\u00bb58910&#8243; img_size=\u00bbfull\u00bb alignment=\u00bbcenter\u00bb onclick=\u00bbimg_link_large\u00bb img_link_target=\u00bb_blank\u00bb css=\u00bb\u00bb][\/vc_column][\/vc_row][vc_row][vc_column][vc_column_text css=\u00bb.vc_custom_1655110683741{margin-top: -25px !important;}\u00bb]<\/p>\n<p style=\"text-align: justify;\">*MATRICULACI\u00d3N: Actividades del curso escolar con pago de precio p\u00fablico que contempla el Programa de \u00abAulas de Mayores\u00bb; a excepci\u00f3n del M\u00f3dulo de Extensi\u00f3n Cultural.<\/p>\n<p>[\/vc_column_text][vc_column_text]<\/p>\n<p style=\"text-align: justify;\"><strong>Ejecuci\u00f3n:<\/strong> del 15 de octubre al 15 de diciembre y del 15 de enero al 31 de mayo. (Seguir\u00e1 el calendario por curso escolar publicado por la Conseller\u00eda de Educaci\u00f3n, Cultura y Deporte).<\/p>\n<p>[\/vc_column_text][\/vc_column][\/vc_row]<\/p>\n<\/div>","protected":false},"excerpt":{"rendered":"<p>[vc_row][vc_column][vc_column_text css=\u00bb\u00bb] Para poder ser alumno\/a del programa de Aulas de Mayores, se debe pasar por un proceso de matriculaci\u00f3n que se iniciar\u00e1 en el mes de septiembre. Las plazas de cada actividad son sorteadas, siendo el reparto de boletos\/papeletas el 2 y el 3 de septiembre para el m\u00f3dulo art\u00edstico, el 4 y el&hellip;<\/p>\n","protected":false},"author":1,"featured_media":0,"parent":0,"menu_order":0,"comment_status":"closed","ping_status":"closed","template":"","meta":{"footnotes":""},"class_list":["post-58352","page","type-page","status-publish","hentry","description-off"],"_links":{"self":[{"href":"https:\/\/centrocolumbretes.com\/index.php?rest_route=\/wp\/v2\/pages\/58352","targetHints":{"allow":["GET"]}}],"collection":[{"href":"https:\/\/centrocolumbretes.com\/index.php?rest_route=\/wp\/v2\/pages"}],"about":[{"href":"https:\/\/centrocolumbretes.com\/index.php?rest_route=\/wp\/v2\/types\/page"}],"author":[{"embeddable":true,"href":"https:\/\/centrocolumbretes.com\/index.php?rest_route=\/wp\/v2\/users\/1"}],"replies":[{"embeddable":true,"href":"https:\/\/centrocolumbretes.com\/index.php?rest_route=%2Fwp%2Fv2%2Fcomments&post=58352"}],"version-history":[{"count":44,"href":"https:\/\/centrocolumbretes.com\/index.php?rest_route=\/wp\/v2\/pages\/58352\/revisions"}],"predecessor-version":[{"id":58914,"href":"https:\/\/centrocolumbretes.com\/index.php?rest_route=\/wp\/v2\/pages\/58352\/revisions\/58914"}],"wp:attachment":[{"href":"https:\/\/centrocolumbretes.com\/index.php?rest_route=%2Fwp%2Fv2%2Fmedia&parent=58352"}],"curies":[{"name":"wp","href":"https:\/\/api.w.org\/{rel}","templated":true}]}}