{"id":58353,"date":"2022-05-18T10:15:48","date_gmt":"2022-05-18T10:15:48","guid":{"rendered":"https:\/\/nuevo.centrocolumbretes.com\/?page_id=58353"},"modified":"2022-06-13T10:37:49","modified_gmt":"2022-06-13T10:37:49","slug":"inscripcion","status":"publish","type":"page","link":"https:\/\/centrocolumbretes.com\/?page_id=58353","title":{"rendered":"Inscripci\u00f3n"},"content":{"rendered":"<div class=\"wpb-content-wrapper\"><p>[vc_row][vc_column]<div id=\"ultimate-heading-31676a045fcdd1f78\" class=\"uvc-heading ult-adjust-bottom-margin ultimate-heading-31676a045fcdd1f78 uvc-7383 \" data-hspacer=\"no_spacer\"  data-halign=\"center\" style=\"text-align:center\"><div class=\"uvc-heading-spacer no_spacer\" style=\"top\"><\/div><div class=\"uvc-main-heading ult-responsive\"  data-ultimate-target='.uvc-heading.ultimate-heading-31676a045fcdd1f78 h2'  data-responsive-json-new='{\"font-size\":\"desktop:25px;\",\"line-height\":\"\"}' ><h2 style=\"--font-weight:theme;color:#2e8cc2;\">Proceso de Inscripci\u00f3n para el Programa de Participaci\u00f3n e Inclusi\u00f3n social y el M\u00f3dulo de Extensi\u00f3n Cultural:<\/h2><\/div><\/div>[vc_separator color=\u00bbwhite\u00bb][vc_separator][vc_separator color=\u00bbwhite\u00bb][\/vc_column][\/vc_row][vc_row][vc_column][vc_column_text]<\/p>\n<p style=\"text-align: justify;\">El proceso de Inscripci\u00f3n de las actividades ofertadas tanto del Programa de Participaci\u00f3n e Inclusi\u00f3n Social como del M\u00f3dulo de Extensi\u00f3n Cultural se iniciar\u00e1 15 d\u00edas antes de ejecutarse la actividad.<br \/>\n<strong>Ejecuci\u00f3n:<\/strong> Las actividades espor\u00e1dicas se desarrollar\u00e1n a lo largo de todo el a\u00f1o natural, en las fechas anunciadas con la debida antelaci\u00f3n.<br \/>\n<strong>Tasa:<\/strong> No est\u00e1 sujeto a abono de los precios p\u00fablicos al tratarse de actividades cuya realizaci\u00f3n no se prolongar\u00e1 durante todo el curso lectivo.<\/p>\n<p>[\/vc_column_text][\/vc_column][\/vc_row]<\/p>\n<\/div>","protected":false},"excerpt":{"rendered":"<p>[vc_row][vc_column][vc_separator color=\u00bbwhite\u00bb][vc_separator][vc_separator color=\u00bbwhite\u00bb][\/vc_column][\/vc_row][vc_row][vc_column][vc_column_text] El proceso de Inscripci\u00f3n de las actividades ofertadas tanto del Programa de Participaci\u00f3n e Inclusi\u00f3n Social como del M\u00f3dulo de Extensi\u00f3n Cultural se iniciar\u00e1 15 d\u00edas antes de ejecutarse la actividad. Ejecuci\u00f3n: Las actividades espor\u00e1dicas se desarrollar\u00e1n a lo largo de todo el a\u00f1o natural, en las fechas anunciadas con la debida&hellip;<\/p>\n","protected":false},"author":1,"featured_media":0,"parent":0,"menu_order":0,"comment_status":"closed","ping_status":"closed","template":"","meta":{"footnotes":""},"class_list":["post-58353","page","type-page","status-publish","hentry","description-off"],"_links":{"self":[{"href":"https:\/\/centrocolumbretes.com\/index.php?rest_route=\/wp\/v2\/pages\/58353","targetHints":{"allow":["GET"]}}],"collection":[{"href":"https:\/\/centrocolumbretes.com\/index.php?rest_route=\/wp\/v2\/pages"}],"about":[{"href":"https:\/\/centrocolumbretes.com\/index.php?rest_route=\/wp\/v2\/types\/page"}],"author":[{"embeddable":true,"href":"https:\/\/centrocolumbretes.com\/index.php?rest_route=\/wp\/v2\/users\/1"}],"replies":[{"embeddable":true,"href":"https:\/\/centrocolumbretes.com\/index.php?rest_route=%2Fwp%2Fv2%2Fcomments&post=58353"}],"version-history":[{"count":7,"href":"https:\/\/centrocolumbretes.com\/index.php?rest_route=\/wp\/v2\/pages\/58353\/revisions"}],"predecessor-version":[{"id":58619,"href":"https:\/\/centrocolumbretes.com\/index.php?rest_route=\/wp\/v2\/pages\/58353\/revisions\/58619"}],"wp:attachment":[{"href":"https:\/\/centrocolumbretes.com\/index.php?rest_route=%2Fwp%2Fv2%2Fmedia&parent=58353"}],"curies":[{"name":"wp","href":"https:\/\/api.w.org\/{rel}","templated":true}]}}